{"id":4188,"date":"2023-01-25T12:34:00","date_gmt":"2023-01-25T10:34:00","guid":{"rendered":"https:\/\/hljn.uber.space\/wordpress\/?page_id=4188"},"modified":"2023-01-25T12:34:00","modified_gmt":"2023-01-25T10:34:00","slug":"datenschutzerklaerung-fuer-app-dem-dateneingabe-mobil-pro","status":"publish","type":"page","link":"https:\/\/hljn.uber.space\/wordpress\/de\/datenschutzerklaerung-fuer-app-dem-dateneingabe-mobil-pro\/","title":{"rendered":"Datenschutzerkl\u00e4rung f\u00fcr App DEM Dateneingabe Mobil (pro)"},"content":{"rendered":"\n<p>Um die App downloaden zu k\u00f6nnen, m\u00fcssen Sie ggf. zuvor mit dem Drittanbieter (z. B. Google) eine Vereinbarung \u00fcber den Zugang zu einem Portal oder Online-Shop des jeweiligen Drittanbieters (z. B. Google Play Store) abschlie\u00dfen. Wir sind nicht Partei einer derartigen Vereinbarung und haben keinen Einfluss auf die Datenverarbeitung durch den Drittanbieter.<br>Die Datenspeicherung auf dem Endger\u00e4t und die Nutzung der Datensicherung erfolgt auf eigene Gefahr. ForestTools \u00fcbernimmt keine Haftung.<br>Die App ben\u00f6tigt Zugriff auf die folgenden Hardware-Funktionalit\u00e4ten Ihres Ger\u00e4ts:<\/p>\n\n\n\n<ul class=\"wp-block-list\"><li>&nbsp;&nbsp;&nbsp; Standort (GPS)&nbsp;&nbsp;<\/li><li>&nbsp;&nbsp;&nbsp; Foto\/Medien\/Dateien<\/li><li>&nbsp;&nbsp;&nbsp; Speicher<\/li><li>&nbsp;&nbsp;&nbsp; Sonstiges, wie Netzverbindungen und Netzwerkzugriff<\/li><\/ul>\n\n\n\n<p>Die App legt auf der Speicherkarte ein Verzeichnis <strong>\/ftools<\/strong> an und speichert in der Datei <strong>dataentry.db<\/strong>\u00a0\u00a0 die Einstellungswerte und die von ihnen erhobenen Daten f\u00fcr die App. Der Internet Zugriff wird f\u00fcr das \u00d6ffnen der Hilfe und der Ertragstafeln im Browser ben\u00f6tigt. Die Standortinformation wird ben\u00f6tigt, wenn Sie die Koordinate der Datenerhebung auch erfassen und speichern m\u00f6chten.<\/p>\n\n\n\n<p>Im \u00fcbrigen gilt die allgemeine Datenschutzerkl\u00e4rung von <a href=\"https:\/\/hljn.uber.space\/wordpress\/de\/datenschutzerklaerung\/\">ForestTools<\/a>.<\/p>\n","protected":false},"excerpt":{"rendered":"<p>Um die App downloaden zu k\u00f6nnen, m\u00fcssen Sie ggf. zuvor mit dem Drittanbieter (z. B. Google) eine Vereinbarung \u00fcber den Zugang zu einem Portal oder Online-Shop des jeweiligen Drittanbieters (z. B. Google Play Store) abschlie\u00dfen. Wir sind nicht Partei einer derartigen Vereinbarung und haben keinen Einfluss auf die Datenverarbeitung durch den Drittanbieter.Die Datenspeicherung auf dem [&hellip;]<\/p>\n","protected":false},"author":1,"featured_media":0,"parent":0,"menu_order":0,"comment_status":"closed","ping_status":"closed","template":"","meta":{"footnotes":""},"class_list":["post-4188","page","type-page","status-publish","hentry"],"_links":{"self":[{"href":"https:\/\/hljn.uber.space\/wordpress\/wp-json\/wp\/v2\/pages\/4188","targetHints":{"allow":["GET"]}}],"collection":[{"href":"https:\/\/hljn.uber.space\/wordpress\/wp-json\/wp\/v2\/pages"}],"about":[{"href":"https:\/\/hljn.uber.space\/wordpress\/wp-json\/wp\/v2\/types\/page"}],"author":[{"embeddable":true,"href":"https:\/\/hljn.uber.space\/wordpress\/wp-json\/wp\/v2\/users\/1"}],"replies":[{"embeddable":true,"href":"https:\/\/hljn.uber.space\/wordpress\/wp-json\/wp\/v2\/comments?post=4188"}],"version-history":[{"count":0,"href":"https:\/\/hljn.uber.space\/wordpress\/wp-json\/wp\/v2\/pages\/4188\/revisions"}],"wp:attachment":[{"href":"https:\/\/hljn.uber.space\/wordpress\/wp-json\/wp\/v2\/media?parent=4188"}],"curies":[{"name":"wp","href":"https:\/\/api.w.org\/{rel}","templated":true}]}}