{"id":4102,"date":"2022-02-01T16:06:29","date_gmt":"2022-02-01T14:06:29","guid":{"rendered":"https:\/\/hljn.uber.space\/wordpress\/?page_id=4102"},"modified":"2025-07-06T15:06:16","modified_gmt":"2025-07-06T13:06:16","slug":"waldkladde-dynamisches-betriebswerk-fuer-den-kleinprivatwald","status":"publish","type":"page","link":"https:\/\/hljn.uber.space\/wordpress\/de\/waldkladde-dynamisches-betriebswerk-fuer-den-kleinprivatwald\/","title":{"rendered":"WaldKladde &#8211; f\u00fcr Android und PC"},"content":{"rendered":"\n<h3 class=\"wp-block-heading\">Dynamisches Betriebswerk f\u00fcr den Kleinprivatwald<\/h3>\n\n\n\n<div class=\"wp-block-media-text alignwide is-stacked-on-mobile\"><figure class=\"wp-block-media-text__media\"><img loading=\"lazy\" decoding=\"async\" width=\"900\" height=\"506\" src=\"https:\/\/hljn.uber.space\/wordpress\/wp-content\/uploads\/2022\/02\/wald1-900x506.jpg\" alt=\"\" class=\"wp-image-4111 size-full\"\/><\/figure><div class=\"wp-block-media-text__content\">\n<p>Rund ein Viertel des deutschen Waldes geh\u00f6rt privaten Waldbesitzern und Waldbesitzerinnen, die \u00fcber weniger als 20ha Waldfl\u00e4che verf\u00fcgen. F\u00fcr diese Gruppe wurde die WaldKladde als einfaches und g\u00fcnstiges dynamisches Betriebswerk entwickelt. Die WaldKladde soll das Interesse am Wald f\u00f6rdern. Sie unterst\u00fctzt bei wichtigen waldbaulichen Entscheidungen und sichert eine nachhaltige Bewirtschaftung.<\/p>\n<\/div><\/div>\n\n\n\n<div class=\"wp-block-group\"><div class=\"wp-block-group__inner-container is-layout-flow wp-block-group-is-layout-flow\">\n<div class=\"wp-block-columns is-layout-flex wp-container-core-columns-is-layout-9d6595d7 wp-block-columns-is-layout-flex\">\n<div class=\"wp-block-column is-vertically-aligned-center is-layout-flow wp-block-column-is-layout-flow\" style=\"flex-basis:100%\">\n<div class=\"wp-block-group\"><div class=\"wp-block-group__inner-container is-layout-flow wp-block-group-is-layout-flow\">\n<figure class=\"wp-block-table is-style-stripes\"><table><tbody><tr><td><strong>WaldKladde f\u00fcr Android<\/strong> (Versionen 8 und h\u00f6her)<\/td><td><strong>WaldKladdePC<\/strong> als Desktop-Anwendung (Java)<\/td><\/tr><tr><td>Download: <strong><a href=\"https:\/\/hljn.uber.space\/apps\/Waldkladde.apk\" target=\"_blank\" rel=\"noreferrer noopener\">Vollversion<\/a><\/strong> als apk <\/td><td><strong><a href=\"mailto:forst@hljn.uber.space\">Vollversion<\/a><\/strong> 90,00 Euro; <strong><a href=\"https:\/\/hljn.uber.space\/wordpress\/wp-content\/uploads\/2022\/02\/waldkladdepc.zip\">Testversion<\/a><\/strong>; <strong><a href=\"https:\/\/hljn.uber.space\/wordpress\/wp-content\/uploads\/2022\/02\/WaldKladdePC.pdf\" target=\"_blank\" rel=\"noreferrer noopener\">Handbuch<\/a><\/strong><\/td><\/tr><\/tbody><\/table><\/figure>\n<\/div><\/div>\n<\/div>\n<\/div>\n\n\n\n<p><\/p>\n<\/div><\/div>\n\n\n\n<h3 class=\"wp-block-heading\">Einfach in der Anwendung<\/h3>\n\n\n\n<p>Die WaldKladde ist einfach in der Anwendung und kann auch von forstlichen Laien schnell erlernt werden. Alle Tabellen und Datens\u00e4tze lassen sich in einer einheitlichen Form aufrufen, eingeben, bearbeiten und l\u00f6schen. Auf eine grafische Darstellung der Waldfl\u00e4chen wurde bewusst verzichtet, um die NutzerInnen bei der Bedienung nicht zu \u00fcberfordern. Es gibt eine ausf\u00fchrliche Dokumentation, in der die Anwendung mit Hilfe von Beispielen Schritt f\u00fcr Schritt erkl\u00e4rt wird. In der Programmhilfe ist auch ein Kapitel zur Aufnahme der Bestandesdaten (Inventur) enthalten. Neben den tabellarischen \u00dcbersichten mit den wichtigsten forstlichen Kennwerten kann f\u00fcr jeden Bestand ein verbaler Waldbaubericht abgerufen werden. In diesem werden die wichtigsten waldbaulichen Ma\u00dfnahmen f\u00fcr den Planungszeitraum dargestellt. Dazu geh\u00f6ren Hinweise zur R\u00fcckegassenanlage, der Z-Baumauswahl, der Durchforstung und dem Erreichen der Zielst\u00e4rke. Der Planungszeitraum kann flexibel zwischen 1 und 10 Jahren gew\u00e4hlt werden.<\/p>\n\n\n\n<h3 class=\"wp-block-heading\">Waldbau auf der Basis aktueller Daten<\/h3>\n\n\n\n<p>Im einem dynamischen forstlichen Betriebswerk werden die Inventur- oder Forsteinrichtungsdaten unter Ber\u00fccksichtigung des Zuwachses und der erfolgten Ma\u00dfnahmen (z.B. Durchforstungen) auf den aktuellen Zeitpunkt fortgeschrieben und Nutzungsmassen f\u00fcr den Planungszeitraum hergeleitet. Die Grundlage dazu sind Ertragstafeln. Die Waldbesitzer und Waldbesitzerinnen erhalten so eine aktuelle Einsch\u00e4tzung der Best\u00e4nde. Die WaldKladde weist dar\u00fcber hinaus auf waldbaulich notwendige Ma\u00dfnahmen hin. Sie gibt f\u00fcr Durchforstungen Entnahmemengen vor. Eine ToDo-Liste hilft gegen das Vergessen wichtiger Aufgaben. Alle Ma\u00dfnahmen, sowie Einnahmen und Ausgaben werden erfasst und dokumentiert. Mit der WaldKladde haben Sie immer eine aktuelle \u00dcbersicht \u00fcber Ihren Forstbetrieb.<\/p>\n\n\n\n<p>Die WaldKladde ist auch geeignet als digitale L\u00f6sung f\u00fcr Forsteinrichter, Forstbetriebsgemeinschaften<br>und Landwirtschaftskammern, um die wichtigsten Forsteinrichtungsdaten an die einzelnen<br>WaldbesitzerInnen automatisiert weiterzugeben.<\/p>\n\n\n\n<h3 class=\"wp-block-heading\"><strong>Flexibel und regional anpassbar<\/strong><\/h3>\n\n\n\n<p>Weil die meisten Ertragstafeln und Zuwachsreduktionsfaktoren eine regionale G\u00fcltigkeit haben, sollte die WaldKladde an die \u00f6rtlichen Verh\u00e4ltnisse angepasst werden. Es sind \u00fcber 60 Ertragstafeln in der WaldKladde hinterlegt. F\u00fcr die Ertragstafeln lassen sich individuelle Zielbestockungsgrade, Zielst\u00e4rken und Baumzahlen vorgeben. Dar\u00fcber hinaus k\u00f6nnen Baumartenbezeichnungen, -kodierungen und Baumartengruppen frei gew\u00e4hlt werden. Die Anpassungen lassen sich einfach in einer Tabelle vornehmen und sind in der Programmhilfe erkl\u00e4rt. Wer damit nicht zurecht kommen sollte, kann den Online-Support in Anspruch nehmen. Zu jeder Vollversion gibt es bei Registrierung 1 Stunde Online-Support. Gegen eine entsprechende Geb\u00fchr k\u00f6nnen auch die Best\u00e4nde in die WaldKladde einpflegt werden.<\/p>\n\n\n\n<h3 class=\"wp-block-heading\">Beispiel<\/h3>\n\n\n\n<figure class=\"wp-block-image size-large\"><img loading=\"lazy\" decoding=\"async\" width=\"900\" height=\"327\" src=\"https:\/\/hljn.uber.space\/wordpress\/wp-content\/uploads\/2022\/02\/Beispiel-900x327.png\" alt=\"\" class=\"wp-image-4161\" srcset=\"https:\/\/hljn.uber.space\/wordpress\/wp-content\/uploads\/2022\/02\/Beispiel-900x327.png 900w, https:\/\/hljn.uber.space\/wordpress\/wp-content\/uploads\/2022\/02\/Beispiel-300x109.png 300w, https:\/\/hljn.uber.space\/wordpress\/wp-content\/uploads\/2022\/02\/Beispiel-768x279.png 768w, https:\/\/hljn.uber.space\/wordpress\/wp-content\/uploads\/2022\/02\/Beispiel-1536x558.png 1536w, https:\/\/hljn.uber.space\/wordpress\/wp-content\/uploads\/2022\/02\/Beispiel-920x334.png 920w, https:\/\/hljn.uber.space\/wordpress\/wp-content\/uploads\/2022\/02\/Beispiel-230x84.png 230w, https:\/\/hljn.uber.space\/wordpress\/wp-content\/uploads\/2022\/02\/Beispiel-350x127.png 350w, https:\/\/hljn.uber.space\/wordpress\/wp-content\/uploads\/2022\/02\/Beispiel-480x174.png 480w, https:\/\/hljn.uber.space\/wordpress\/wp-content\/uploads\/2022\/02\/Beispiel.png 1637w\" sizes=\"auto, (max-width: 900px) 100vw, 900px\" \/><\/figure>\n\n\n\n<p>\u00dcber das Men\u00fc der Startseite (Abb.1) gelangt man in die Tabelle Best\u00e4nde (Abb.2). Der erste Bestand mit dem Namen \u201eSaukuhle\u201c ist r\u00f6tlich eingef\u00e4rbt. Die Farbe deutet auf eine \u00dcberbestockung hin. Ein Klick auf die Zeile \u00f6ffnet die Bestandesansicht (Abb. 3). Diese besteht aus den Tabellen mit den Zustandswerten, den geplanten Aufgaben (ToDo-Liste) und den get\u00e4tigten Aktionen (z.B. Durchforstungen). Es handelt sich im Beispiel um einen 99j\u00e4hrigen Buchenreinbestand mit der Oberh\u00f6henbonit\u00e4t im Alter 100 von 32,4m<a href=\"#sdfootnote1sym\"><sup>1<\/sup><\/a>. Die Inventurwerte (Abb. 4) k\u00f6nnen durch einen Klick auf die Zeile Bu (Buche) in der Zustandstabelle aufgerufen werden. Die Inventur wurde im M\u00e4rz 2015 vorgenommen. Der Buchenreinbestand war damals 92 Jahre alt, die Oberh\u00f6he betrug 31m und die Grundfl\u00e4che 29,5 m\u00b2\/ha. Es wurde f\u00fcr den 13.9.2016 eine Durchforstung gebucht, bei der 65 Efm\/ha Buche entnommen wurden, was ca. 81 Vfm\/ha entspricht. In der Zustandstabelle wird daher f\u00fcr den heutigen Zeitpunkt dynamisch (15.2.2022) die Grundfl\u00e4che und der Bestandesvorrat auf 29.4 m\u00b2\/ha bzw. 458 Vfm\/ha gesch\u00e4tzt. Der Zuwachs betr\u00e4gt im Moment 14,4 Vfm\/ha. Ein Klick auf \u201eWb-Bericht\u201c \u00f6ffnet den Waldbaubericht (Abb.5). In dem 5j\u00e4hrigen Planungszeitraum sollten 91 Vfm\/ha oder 5,8 m\u00b2\/ha Grundfl\u00e4che in der Buche entnommen werden, damit der Bestand in 5 Jahren die gleiche eine Grundfl\u00e4che wie in der Ertragstafel vorgegeben hat. Bei der Entnahme sollten vorrangig die Z-B\u00e4ume freigestellt werden.<\/p>\n\n\n\n<p>Das Beispiel zeigt einen einschichtigen Buchenreinbestand. Mehrschichtige Mischbest\u00e4nde k\u00f6nnen selbstverst\u00e4ndlich mit der WaldKladde abgebildet werden. Die Anteilfl\u00e4chenberechnung der Mischbaumarten erfolgt automatisch auf Basis der gew\u00e4hlten Ertragstafeln.<\/p>\n\n\n\n<p class=\"has-small-font-size\"><a href=\"#sdfootnote1anc\">1<\/a> Es wurde die Ertragstafel <em>Albert M., Nagel J., Schmidt M., Nagel R.-V., Spellmann H. (2021): Neue Ertragstafel f\u00fcr Buche. Nordwestdeutsche Forstliche Versuchsanstalt <\/em>(Hrsg.)<em>. <a href=\"https:\/\/www.nw-fva.de\/unterstuetzen\/waldpflege-und-nutzung\/neue-ertragstafeln\" target=\"_blank\" rel=\"noreferrer noopener\">https:\/\/www.nw-fva.de\/unterstuetzen\/waldpflege-und-nutzung\/neue-ertragstafeln<\/a> (Zugriff am 13.1.2022) verwendet<\/em><\/p>\n","protected":false},"excerpt":{"rendered":"<p>Dynamisches Betriebswerk f\u00fcr den Kleinprivatwald Rund ein Viertel des deutschen Waldes geh\u00f6rt privaten Waldbesitzern und Waldbesitzerinnen, die \u00fcber weniger als 20ha Waldfl\u00e4che verf\u00fcgen. F\u00fcr diese Gruppe wurde die WaldKladde als einfaches und g\u00fcnstiges dynamisches Betriebswerk entwickelt. Die WaldKladde soll das Interesse am Wald f\u00f6rdern. Sie unterst\u00fctzt bei wichtigen waldbaulichen Entscheidungen und sichert eine nachhaltige Bewirtschaftung. [&hellip;]<\/p>\n","protected":false},"author":1,"featured_media":0,"parent":0,"menu_order":0,"comment_status":"closed","ping_status":"closed","template":"","meta":{"footnotes":""},"class_list":["post-4102","page","type-page","status-publish","hentry"],"_links":{"self":[{"href":"https:\/\/hljn.uber.space\/wordpress\/wp-json\/wp\/v2\/pages\/4102","targetHints":{"allow":["GET"]}}],"collection":[{"href":"https:\/\/hljn.uber.space\/wordpress\/wp-json\/wp\/v2\/pages"}],"about":[{"href":"https:\/\/hljn.uber.space\/wordpress\/wp-json\/wp\/v2\/types\/page"}],"author":[{"embeddable":true,"href":"https:\/\/hljn.uber.space\/wordpress\/wp-json\/wp\/v2\/users\/1"}],"replies":[{"embeddable":true,"href":"https:\/\/hljn.uber.space\/wordpress\/wp-json\/wp\/v2\/comments?post=4102"}],"version-history":[{"count":4,"href":"https:\/\/hljn.uber.space\/wordpress\/wp-json\/wp\/v2\/pages\/4102\/revisions"}],"predecessor-version":[{"id":4258,"href":"https:\/\/hljn.uber.space\/wordpress\/wp-json\/wp\/v2\/pages\/4102\/revisions\/4258"}],"wp:attachment":[{"href":"https:\/\/hljn.uber.space\/wordpress\/wp-json\/wp\/v2\/media?parent=4102"}],"curies":[{"name":"wp","href":"https:\/\/api.w.org\/{rel}","templated":true}]}}