{"id":3927,"date":"2021-12-16T10:56:53","date_gmt":"2021-12-16T08:56:53","guid":{"rendered":"https:\/\/hljn.uber.space\/wordpress\/?page_id=3927"},"modified":"2024-11-08T13:03:09","modified_gmt":"2024-11-08T11:03:09","slug":"foresttools","status":"publish","type":"page","link":"https:\/\/hljn.uber.space\/wordpress\/de\/foresttools\/","title":{"rendered":"ForestTools"},"content":{"rendered":"\n<p>ForestTools ist eine Reihe einfacher  Desktop und Android Anwendungen f\u00fcr den Einsatz in Wissenschaft und Praxis. <\/p>\n\n\n\n<div class=\"wp-block-group\"><div class=\"wp-block-group__inner-container is-layout-flow wp-block-group-is-layout-flow\">\n<div class=\"wp-block-columns is-layout-flex wp-container-core-columns-is-layout-9d6595d7 wp-block-columns-is-layout-flex\">\n<div class=\"wp-block-column is-layout-flow wp-block-column-is-layout-flow\" style=\"flex-basis:100%\">\n<div class=\"wp-block-group\"><div class=\"wp-block-group__inner-container is-layout-flow wp-block-group-is-layout-flow\">\n<div class=\"wp-block-columns has-black-color has-text-color is-layout-flex wp-container-core-columns-is-layout-9d6595d7 wp-block-columns-is-layout-flex\">\n<div class=\"wp-block-column is-layout-flow wp-block-column-is-layout-flow\" style=\"flex-basis:100%\">\n<figure class=\"wp-block-table\"><table><thead><tr><th class=\"has-text-align-left\" data-align=\"left\"><strong>Desktop Programme (Windows, Linux, iOS)<\/strong><\/th><th class=\"has-text-align-left\" data-align=\"left\"><strong>Android <\/strong>als apk<\/th><\/tr><\/thead><tbody><tr><td class=\"has-text-align-left\" data-align=\"left\"><a href=\"https:\/\/hljn.uber.space\/wordpress\/bonitierung-und-zuwachs\/\">Bonitierung und Zuwachs nach Ertragstafel<\/a><\/td><td class=\"has-text-align-left\" data-align=\"left\">Baumh\u00f6henmesser (<a href=\"https:\/\/hljn.uber.space\/apps\/BaumhoehenmesserV34.apk\">Version34 als apk<\/a>)<\/td><\/tr><tr><td class=\"has-text-align-left\" data-align=\"left\"><a href=\"https:\/\/hljn.uber.space\/wordpress\/de\/waldkladde-dynamisches-betriebswerk-fuer-den-kleinprivatwald\/\">Waldkladde<\/a><\/td><td class=\"has-text-align-left\" data-align=\"left\"><a href=\"https:\/\/hljn.uber.space\/wordpress\/de\/waldkladde-dynamisches-betriebswerk-fuer-den-kleinprivatwald\/\">WaldKladde<\/a> (<a href=\"https:\/\/hljn.uber.space\/apps\/Waldkladde.apk\">Waldkladde.apk<\/a>)<\/td><\/tr><tr><td class=\"has-text-align-left\" data-align=\"left\"><a href=\"https:\/\/hljn.uber.space\/wordpress\/hoehenkurve\/\" data-type=\"post\" data-id=\"4020\">H\u00f6henkurve<\/a><\/td><td class=\"has-text-align-left\" data-align=\"left\"><a href=\"https:\/\/hljn.uber.space\/wordpress\/de\/nutzungsplanung-im-reinbestand\/\">Nutzungsplanung im Reinbestand<\/a> (<a href=\"https:\/\/hljn.uber.space\/apps\/NutzungsplanungImReinbestandV30.apk\">Version30 als apk<\/a>)<\/td><\/tr><tr><td class=\"has-text-align-left\" data-align=\"left\"><a href=\"https:\/\/hljn.uber.space\/wordpress\/voluminerung\/\" data-type=\"post\" data-id=\"4003\">Voluminierung<\/a><\/td><td class=\"has-text-align-left\" data-align=\"left\">Dateneingabe mobil auf Anfrage<\/td><\/tr><tr><td class=\"has-text-align-left\" data-align=\"left\"><a href=\"https:\/\/hljn.uber.space\/wordpress\/volumen-von-stehendem-totholz\/\" data-type=\"post\" data-id=\"4007\">Volumen von stehendem Totholz<\/a><\/td><td class=\"has-text-align-left\" data-align=\"left\">NEU: <a href=\"https:\/\/hljn.uber.space\/wordpress\/de\/android-app-durchforstung\/\">Durchforstung<\/a> (<a href=\"https:\/\/hljn.uber.space\/apps\/DurchforstungV7.apk\">Version7 als apk<\/a>)<\/td><\/tr><tr><td class=\"has-text-align-left\" data-align=\"left\"><a href=\"https:\/\/hljn.uber.space\/wordpress\/stammanalyse\/\" data-type=\"post\" data-id=\"4015\">Auswertung von Stammanalysen<\/a> (nur Windows)<\/td><td class=\"has-text-align-left\" data-align=\"left\"><\/td><\/tr><\/tbody><\/table><\/figure>\n\n\n\n<p><\/p>\n<\/div>\n<\/div>\n<\/div><\/div>\n<\/div>\n<\/div>\n<\/div><\/div>\n\n\n\n<p>Die Desktop Programme sind in Java programmiert und damit auf fast allen Rechnern lauff\u00e4hig. Mehr Informationen finden Sie in den verlinkten Beschreibungen.  <\/p>\n\n\n\n<p>Die Android Apps sind nicht mehr in Google Play. Sie k\u00f6nnen die apk Dateien direkt auf Ihrem Smartphone oder Tablet installieren. Herunterladen und dann die Datei im Dateibrowser im Verzeichnis Downloads doppelt anklicken.<\/p>\n\n\n\n<p>ForestTools war urspr\u00fcnglich eine portable Softwaresammlung f\u00fcr die L\u00f6sung forstlicher Fragen in den Bereichen Waldmesslehre, Waldwachstum, Forsteinrichtung und Waldinventur. Sie war im Wesentlichen f\u00fcr Forststudierende zusammengestellt. Mit dem Ende meiner Lehrt\u00e4tigkeit 2019 habe ich das Projekt in dieser Form eingestellt.<\/p>\n","protected":false},"excerpt":{"rendered":"<p>ForestTools ist eine Reihe einfacher Desktop und Android Anwendungen f\u00fcr den Einsatz in Wissenschaft und Praxis. Desktop Programme (Windows, Linux, iOS) Android als apk Bonitierung und Zuwachs nach Ertragstafel Baumh\u00f6henmesser (Version34 als apk) Waldkladde WaldKladde (Waldkladde.apk) H\u00f6henkurve Nutzungsplanung im Reinbestand (Version30 als apk) Voluminierung Dateneingabe mobil auf Anfrage Volumen von stehendem Totholz NEU: Durchforstung (Version7 [&hellip;]<\/p>\n","protected":false},"author":1,"featured_media":0,"parent":0,"menu_order":0,"comment_status":"closed","ping_status":"closed","template":"","meta":{"footnotes":""},"class_list":["post-3927","page","type-page","status-publish","hentry"],"_links":{"self":[{"href":"https:\/\/hljn.uber.space\/wordpress\/wp-json\/wp\/v2\/pages\/3927","targetHints":{"allow":["GET"]}}],"collection":[{"href":"https:\/\/hljn.uber.space\/wordpress\/wp-json\/wp\/v2\/pages"}],"about":[{"href":"https:\/\/hljn.uber.space\/wordpress\/wp-json\/wp\/v2\/types\/page"}],"author":[{"embeddable":true,"href":"https:\/\/hljn.uber.space\/wordpress\/wp-json\/wp\/v2\/users\/1"}],"replies":[{"embeddable":true,"href":"https:\/\/hljn.uber.space\/wordpress\/wp-json\/wp\/v2\/comments?post=3927"}],"version-history":[{"count":6,"href":"https:\/\/hljn.uber.space\/wordpress\/wp-json\/wp\/v2\/pages\/3927\/revisions"}],"predecessor-version":[{"id":4240,"href":"https:\/\/hljn.uber.space\/wordpress\/wp-json\/wp\/v2\/pages\/3927\/revisions\/4240"}],"wp:attachment":[{"href":"https:\/\/hljn.uber.space\/wordpress\/wp-json\/wp\/v2\/media?parent=3927"}],"curies":[{"name":"wp","href":"https:\/\/api.w.org\/{rel}","templated":true}]}}