{"id":367,"date":"2015-03-12T16:04:51","date_gmt":"2015-03-12T14:04:51","guid":{"rendered":"https:\/\/hljn.sirius.uberspace.de\/wordpress\/?page_id=367"},"modified":"2021-12-17T11:43:23","modified_gmt":"2021-12-17T09:43:23","slug":"software","status":"publish","type":"page","link":"https:\/\/hljn.uber.space\/wordpress\/de\/software\/","title":{"rendered":"Software"},"content":{"rendered":"\n<p><\/p>\n\n\n\n<div class=\"wp-block-media-text alignwide is-stacked-on-mobile is-vertically-aligned-top\" style=\"grid-template-columns:27% auto\"><figure class=\"wp-block-media-text__media\"><img loading=\"lazy\" decoding=\"async\" width=\"900\" height=\"503\" src=\"https:\/\/hljn.uber.space\/wordpress\/wp-content\/uploads\/2020\/02\/Programm-900x503.png\" alt=\"\" class=\"wp-image-3815 size-full\" srcset=\"https:\/\/hljn.uber.space\/wordpress\/wp-content\/uploads\/2020\/02\/Programm-900x503.png 900w, https:\/\/hljn.uber.space\/wordpress\/wp-content\/uploads\/2020\/02\/Programm-300x168.png 300w, https:\/\/hljn.uber.space\/wordpress\/wp-content\/uploads\/2020\/02\/Programm-768x430.png 768w, https:\/\/hljn.uber.space\/wordpress\/wp-content\/uploads\/2020\/02\/Programm-830x464.png 830w, https:\/\/hljn.uber.space\/wordpress\/wp-content\/uploads\/2020\/02\/Programm-230x129.png 230w, https:\/\/hljn.uber.space\/wordpress\/wp-content\/uploads\/2020\/02\/Programm-350x196.png 350w, https:\/\/hljn.uber.space\/wordpress\/wp-content\/uploads\/2020\/02\/Programm-480x268.png 480w, https:\/\/hljn.uber.space\/wordpress\/wp-content\/uploads\/2020\/02\/Programm.png 1130w\" sizes=\"auto, (max-width: 900px) 100vw, 900px\" \/><\/figure><div class=\"wp-block-media-text__content\">\n<p>W\u00e4hrend meiner aktiven T\u00e4tigkeit an der Nordwestdeutschen Forstlichen Versuchsanstalt habe ich mit meinen Kollegen und Kolleginnen zahlreiche Computerprogramme wie den ForestSimulator <sup>1)<\/sup>, die Bonitierung im Reinbestand , der Auswertung von Kontrollstichproben, etc entwickelt. Dar\u00fcber hinaus habe ich an der Fakult\u00e4t f\u00fcr Forstwissenschaften und Wald\u00f6kologie lange Zeit einen Kurs in angewandter Programmierung geben. Ich kann daher auf einem breiten Schatz an Code und Erfahrung zur\u00fcckgreifen.<\/p>\n\n\n\n<ul class=\"wp-block-list\"><li>Planung und Durchf\u00fchrung von Softwareentwicklung<\/li><li>Beratung bei der Beschaffung von Soft- und Hardware<\/li><li>Erstellung spezieller Softwarel\u00f6sungen<\/li><li>Planung f\u00fcr eine effizienten Datenerfassung<\/li><\/ul>\n\n\n\n<p>Fordern Sie ein unverbindliches Angebot an.<\/p>\n<\/div><\/div>\n\n\n\n<p> <em><sup>1)<\/sup>  Hansen J., Nagel J. (2014): Waldwachstumskundliche Softwaresysteme auf Basis von TreeGrOSS: Anwendung und theoretische Grundlagen. Beitr\u00e4ge aus der Nordwestdeutschen Forstlichen Versuchsanstalt, Bd. 11. Universit\u00e4tsverlag G\u00f6ttingen, G\u00f6ttingen. 224\u00a0S. <a rel=\"noreferrer noopener\" href=\"https:\/\/doi.org\/10.17875\/gup2014-757\" target=\"_blank\">https:\/\/doi.org\/10.17875\/gup2014-757<\/a><\/em><\/p>\n","protected":false},"excerpt":{"rendered":"<p>W\u00e4hrend meiner aktiven T\u00e4tigkeit an der Nordwestdeutschen Forstlichen Versuchsanstalt habe ich mit meinen Kollegen und Kolleginnen zahlreiche Computerprogramme wie den ForestSimulator 1), die Bonitierung im Reinbestand , der Auswertung von Kontrollstichproben, etc entwickelt. Dar\u00fcber hinaus habe ich an der Fakult\u00e4t f\u00fcr Forstwissenschaften und Wald\u00f6kologie lange Zeit einen Kurs in angewandter Programmierung geben. Ich kann daher [&hellip;]<\/p>\n","protected":false},"author":1,"featured_media":0,"parent":0,"menu_order":0,"comment_status":"closed","ping_status":"closed","template":"","meta":{"footnotes":""},"class_list":["post-367","page","type-page","status-publish","hentry"],"_links":{"self":[{"href":"https:\/\/hljn.uber.space\/wordpress\/wp-json\/wp\/v2\/pages\/367","targetHints":{"allow":["GET"]}}],"collection":[{"href":"https:\/\/hljn.uber.space\/wordpress\/wp-json\/wp\/v2\/pages"}],"about":[{"href":"https:\/\/hljn.uber.space\/wordpress\/wp-json\/wp\/v2\/types\/page"}],"author":[{"embeddable":true,"href":"https:\/\/hljn.uber.space\/wordpress\/wp-json\/wp\/v2\/users\/1"}],"replies":[{"embeddable":true,"href":"https:\/\/hljn.uber.space\/wordpress\/wp-json\/wp\/v2\/comments?post=367"}],"version-history":[{"count":0,"href":"https:\/\/hljn.uber.space\/wordpress\/wp-json\/wp\/v2\/pages\/367\/revisions"}],"wp:attachment":[{"href":"https:\/\/hljn.uber.space\/wordpress\/wp-json\/wp\/v2\/media?parent=367"}],"curies":[{"name":"wp","href":"https:\/\/api.w.org\/{rel}","templated":true}]}}