{"id":3650,"date":"2019-09-21T22:04:48","date_gmt":"2019-09-21T20:04:48","guid":{"rendered":"https:\/\/hljn.sirius.uberspace.de\/wordpress\/?page_id=3650"},"modified":"2021-12-16T14:55:39","modified_gmt":"2021-12-16T12:55:39","slug":"analyse","status":"publish","type":"page","link":"https:\/\/hljn.uber.space\/wordpress\/de\/analyse\/","title":{"rendered":"Analyse"},"content":{"rendered":"\n<div class=\"wp-block-media-text alignwide is-stacked-on-mobile\"><figure class=\"wp-block-media-text__media\"><img loading=\"lazy\" decoding=\"async\" width=\"900\" height=\"576\" src=\"https:\/\/hljn.uber.space\/wordpress\/wp-content\/uploads\/2020\/02\/Oberhoehe_Buche-900x576.png\" alt=\"\" class=\"wp-image-3805 size-full\" srcset=\"https:\/\/hljn.uber.space\/wordpress\/wp-content\/uploads\/2020\/02\/Oberhoehe_Buche-900x576.png 900w, https:\/\/hljn.uber.space\/wordpress\/wp-content\/uploads\/2020\/02\/Oberhoehe_Buche-300x192.png 300w, https:\/\/hljn.uber.space\/wordpress\/wp-content\/uploads\/2020\/02\/Oberhoehe_Buche-768x492.png 768w, https:\/\/hljn.uber.space\/wordpress\/wp-content\/uploads\/2020\/02\/Oberhoehe_Buche-830x531.png 830w, https:\/\/hljn.uber.space\/wordpress\/wp-content\/uploads\/2020\/02\/Oberhoehe_Buche-230x147.png 230w, https:\/\/hljn.uber.space\/wordpress\/wp-content\/uploads\/2020\/02\/Oberhoehe_Buche-350x224.png 350w, https:\/\/hljn.uber.space\/wordpress\/wp-content\/uploads\/2020\/02\/Oberhoehe_Buche-480x307.png 480w, https:\/\/hljn.uber.space\/wordpress\/wp-content\/uploads\/2020\/02\/Oberhoehe_Buche.png 1312w\" sizes=\"auto, (max-width: 900px) 100vw, 900px\" \/><\/figure><div class=\"wp-block-media-text__content\">\n<p>Die Analyse der Entwicklung von Waldbest\u00e4nden hilft einem besseren Verst\u00e4ndnis und erm\u00f6glicht eine nachhaltige Nutzung aller Waldfunktionen.<\/p>\n<\/div><\/div>\n\n\n\n<p class=\"has-text-align-left\">Beratungsschwerpunkte: <\/p>\n\n\n\n<ul class=\"wp-block-list\"><li>statistische Auswertungen<\/li><li>Erstellung von R-Skripten, die Sie f\u00fcr wiederholende Auswertungen einsetzen k\u00f6nnen<\/li><li>Komplette Auswertungen bis hin zum Bericht oder einer Pr\u00e4sentation.<\/li><\/ul>\n\n\n\n<p><\/p>\n\n\n\n<p>.  <\/p>\n","protected":false},"excerpt":{"rendered":"<p>Die Analyse der Entwicklung von Waldbest\u00e4nden hilft einem besseren Verst\u00e4ndnis und erm\u00f6glicht eine nachhaltige Nutzung aller Waldfunktionen. Beratungsschwerpunkte: statistische Auswertungen Erstellung von R-Skripten, die Sie f\u00fcr wiederholende Auswertungen einsetzen k\u00f6nnen Komplette Auswertungen bis hin zum Bericht oder einer Pr\u00e4sentation. .<\/p>\n","protected":false},"author":1,"featured_media":0,"parent":0,"menu_order":0,"comment_status":"closed","ping_status":"closed","template":"","meta":{"footnotes":""},"class_list":["post-3650","page","type-page","status-publish","hentry"],"_links":{"self":[{"href":"https:\/\/hljn.uber.space\/wordpress\/wp-json\/wp\/v2\/pages\/3650","targetHints":{"allow":["GET"]}}],"collection":[{"href":"https:\/\/hljn.uber.space\/wordpress\/wp-json\/wp\/v2\/pages"}],"about":[{"href":"https:\/\/hljn.uber.space\/wordpress\/wp-json\/wp\/v2\/types\/page"}],"author":[{"embeddable":true,"href":"https:\/\/hljn.uber.space\/wordpress\/wp-json\/wp\/v2\/users\/1"}],"replies":[{"embeddable":true,"href":"https:\/\/hljn.uber.space\/wordpress\/wp-json\/wp\/v2\/comments?post=3650"}],"version-history":[{"count":0,"href":"https:\/\/hljn.uber.space\/wordpress\/wp-json\/wp\/v2\/pages\/3650\/revisions"}],"wp:attachment":[{"href":"https:\/\/hljn.uber.space\/wordpress\/wp-json\/wp\/v2\/media?parent=3650"}],"curies":[{"name":"wp","href":"https:\/\/api.w.org\/{rel}","templated":true}]}}