{"id":3613,"date":"2019-09-19T20:24:27","date_gmt":"2019-09-19T18:24:27","guid":{"rendered":"https:\/\/hljn.sirius.uberspace.de\/wordpress\/?page_id=3613"},"modified":"2022-01-04T11:36:28","modified_gmt":"2022-01-04T09:36:28","slug":"home","status":"publish","type":"page","link":"https:\/\/hljn.uber.space\/wordpress\/en\/home\/","title":{"rendered":""},"content":{"rendered":"\n<h3 class=\"has-text-align-center has-text-color wp-block-heading\" style=\"color:#145922\"><strong>Data analysis, models, and software for sustainable forest management<\/strong><\/h3>\n\n\n\n<figure class=\"wp-block-image size-large\"><img loading=\"lazy\" decoding=\"async\" width=\"900\" height=\"387\" src=\"https:\/\/hljn.uber.space\/wordpress\/wp-content\/uploads\/2020\/02\/mitdemradzurarbeit-e1639652111532-900x387.jpg\" alt=\"\" class=\"wp-image-3764\" srcset=\"https:\/\/hljn.uber.space\/wordpress\/wp-content\/uploads\/2020\/02\/mitdemradzurarbeit-e1639652111532-900x387.jpg 900w, https:\/\/hljn.uber.space\/wordpress\/wp-content\/uploads\/2020\/02\/mitdemradzurarbeit-e1639652111532-300x129.jpg 300w, https:\/\/hljn.uber.space\/wordpress\/wp-content\/uploads\/2020\/02\/mitdemradzurarbeit-e1639652111532-768x330.jpg 768w, https:\/\/hljn.uber.space\/wordpress\/wp-content\/uploads\/2020\/02\/mitdemradzurarbeit-e1639652111532-830x357.jpg 830w, https:\/\/hljn.uber.space\/wordpress\/wp-content\/uploads\/2020\/02\/mitdemradzurarbeit-e1639652111532-230x99.jpg 230w, https:\/\/hljn.uber.space\/wordpress\/wp-content\/uploads\/2020\/02\/mitdemradzurarbeit-e1639652111532-350x150.jpg 350w, https:\/\/hljn.uber.space\/wordpress\/wp-content\/uploads\/2020\/02\/mitdemradzurarbeit-e1639652111532-480x206.jpg 480w, https:\/\/hljn.uber.space\/wordpress\/wp-content\/uploads\/2020\/02\/mitdemradzurarbeit-e1639652111532-1536x660.jpg 1536w, https:\/\/hljn.uber.space\/wordpress\/wp-content\/uploads\/2020\/02\/mitdemradzurarbeit-e1639652111532-2048x880.jpg 2048w\" sizes=\"auto, (max-width: 900px) 100vw, 900px\" \/><\/figure>\n\n\n<ul class=\"wp-block-latest-posts__list has-dates wp-block-latest-posts\"><li><a class=\"wp-block-latest-posts__post-title\" href=\"https:\/\/hljn.uber.space\/wordpress\/de\/webforestsimulator-online\/\">WebForestSimulator online<\/a><time datetime=\"2025-01-28T11:08:32+02:00\" class=\"wp-block-latest-posts__post-date\">28. Januar 2025<\/time><div class=\"wp-block-latest-posts__post-excerpt\">Auf der Webseite der Nordwestdeutschen Forstlichen Versuchsanstalt ist jetzt der WebForestSimulator online. Dadurch ist der Simulator installationsfrei auf vielen Endger\u00e4ten zug\u00e4nglich. Der WebForestSimulator ist ein einfache Oberfl\u00e4che, um die Entwicklung einzelner Waldbest\u00e4nde zu analysieren und eine nachhaltige Planung der Waldbewirtschaftung mit Hilfe von vorgegeben oder eigenen Waldentwicklungsszenarien zu gew\u00e4hrleisten. Waldentwicklungsszenarien bilden die nieders\u00e4chsischen Waldentwicklungstypen nach.\u2026\u00a0<a class=\"wp-block-latest-posts__read-more\" href=\"https:\/\/hljn.uber.space\/wordpress\/de\/webforestsimulator-online\/\" rel=\"noopener noreferrer\"><span class=\"screen-reader-text\">WebForestSimulator online <\/span>weiterlesen<\/a><\/div><\/li>\n<li><a class=\"wp-block-latest-posts__post-title\" href=\"https:\/\/hljn.uber.space\/wordpress\/en\/good-bye-google-play-store-2\/\">Good bye Google Play Store<\/a><time datetime=\"2024-07-22T18:51:51+02:00\" class=\"wp-block-latest-posts__post-date\">22. Juli 2024<\/time><div class=\"wp-block-latest-posts__post-excerpt\">Dear users of my Android apps, You can download my Android Apps now as an apk file and install them directely on your device. &#8211; Unfortunately, Google is constantly changing the requirements of its Play Store. It is becoming increasingly difficult and time-consuming to provide apps there. Therefore, I let my Google Play account expire\u2026\u00a0<a class=\"wp-block-latest-posts__read-more\" href=\"https:\/\/hljn.uber.space\/wordpress\/en\/good-bye-google-play-store-2\/\" rel=\"noopener noreferrer\"><span class=\"screen-reader-text\">Good bye Google Play Store <\/span>weiterlesen<\/a><\/div><\/li>\n<li><a class=\"wp-block-latest-posts__post-title\" href=\"https:\/\/hljn.uber.space\/wordpress\/de\/good-bye-google-play-store\/\">Good bye Google Play Store<\/a><time datetime=\"2024-07-22T18:14:00+02:00\" class=\"wp-block-latest-posts__post-date\">22. Juli 2024<\/time><div class=\"wp-block-latest-posts__post-excerpt\">Lieber NutzerInnen meiner Android Apps, Die Android Apps k\u00f6nnen Sie jetzt direkt von meiner Internetseite als apk-Datei laden und auf Ihrem Smartphone oder Tablet installieren. Leider ver\u00e4ndert Google st\u00e4ndig die Anforderungen seines Play Stores.. Es wird immer schwieriger und aufwendiger Apps dort bereit zu stellen. Daher habe ich im September mein Google Play Konto auslaufen\u2026\u00a0<a class=\"wp-block-latest-posts__read-more\" href=\"https:\/\/hljn.uber.space\/wordpress\/de\/good-bye-google-play-store\/\" rel=\"noopener noreferrer\"><span class=\"screen-reader-text\">Good bye Google Play Store <\/span>weiterlesen<\/a><\/div><\/li>\n<\/ul>","protected":false},"excerpt":{"rendered":"<p>Data analysis, models, and software for sustainable forest management<\/p>\n","protected":false},"author":1,"featured_media":0,"parent":0,"menu_order":0,"comment_status":"closed","ping_status":"closed","template":"","meta":{"footnotes":""},"class_list":["post-3613","page","type-page","status-publish","hentry"],"_links":{"self":[{"href":"https:\/\/hljn.uber.space\/wordpress\/wp-json\/wp\/v2\/pages\/3613","targetHints":{"allow":["GET"]}}],"collection":[{"href":"https:\/\/hljn.uber.space\/wordpress\/wp-json\/wp\/v2\/pages"}],"about":[{"href":"https:\/\/hljn.uber.space\/wordpress\/wp-json\/wp\/v2\/types\/page"}],"author":[{"embeddable":true,"href":"https:\/\/hljn.uber.space\/wordpress\/wp-json\/wp\/v2\/users\/1"}],"replies":[{"embeddable":true,"href":"https:\/\/hljn.uber.space\/wordpress\/wp-json\/wp\/v2\/comments?post=3613"}],"version-history":[{"count":0,"href":"https:\/\/hljn.uber.space\/wordpress\/wp-json\/wp\/v2\/pages\/3613\/revisions"}],"wp:attachment":[{"href":"https:\/\/hljn.uber.space\/wordpress\/wp-json\/wp\/v2\/media?parent=3613"}],"curies":[{"name":"wp","href":"https:\/\/api.w.org\/{rel}","templated":true}]}}