{"id":3600,"date":"2019-09-19T19:55:46","date_gmt":"2019-09-19T17:55:46","guid":{"rendered":"https:\/\/hljn.sirius.uberspace.de\/wordpress\/?page_id=3600"},"modified":"2023-01-25T17:07:17","modified_gmt":"2023-01-25T15:07:17","slug":"impressum","status":"publish","type":"page","link":"https:\/\/hljn.uber.space\/wordpress\/de\/start\/impressum\/","title":{"rendered":"Impressum"},"content":{"rendered":"\n<p>Verantwortlich f\u00fcr den Inhalt dieser Webseite:<\/p>\n\n\n\n<p>Prof. Dr. J\u00fcrgen Nagel<\/p>\n\n\n\n<p> Hohe Linde 2 37075 G\u00f6ttingen<br> Email: forst@hljn.uber.space<br> Web: https:\/\/hljn.uber.space\/wordpress<br><br><strong> Haftungsausschlu\u00df <\/strong><br><\/p>\n\n\n\n<p>1. Inhalt des Onlineangebotes Der Autor \u00fcbernimmt keinerlei Gew\u00e4hr f\u00fcr die Aktualit\u00e4t, Korrektheit, Vollst\u00e4ndigkeit oder Qualit\u00e4t der bereitgestellten Informationen. Haftungsanspr\u00fcche gegen den Autor, welche sich auf Sch\u00e4den materieller oder ideeller Art beziehen, die durch die Nutzung oder Nichtnutzung der dargebotenen Informationen bzw. durch die Nutzung fehlerhafter und unvollst\u00e4ndiger Informationen verursacht wurden, sind grunds\u00e4tzlich ausgeschlossen, sofern seitens des Autors kein nachweislich vors\u00e4tzliches oder grob fahrl\u00e4ssiges Verschulden vorliegt. Alle Angebote sind freibleibend und unverbindlich. Der Autor beh\u00e4lt es sich ausdr\u00fccklich vor, Teile der Seiten oder das gesamte Angebot ohne gesonderte Ank\u00fcndigung zu ver\u00e4ndern, zu erg\u00e4nzen, zu l\u00f6schen oder die Ver\u00f6ffentlichung zeitweise oder endg\u00fcltig einzustellen.<\/p>\n\n\n\n<p>2. Verweise und Links\nBei direkten oder indirekten Verweisen auf fremde Webseiten\n(Hyperlinks), die au\u00dferhalb des Verantwortungsbereiches des Autors\nliegen, w\u00fcrde eine Haftungsverpflichtung ausschlie\u00dflich in dem Fall in\nKraft treten, in dem der Autor von den Inhalten Kenntnis hat und es ihm\ntechnisch m\u00f6glich und zumutbar w\u00e4re, die Nutzung im Falle rechtswidriger\nInhalte zu verhindern.\nDer Autor erkl\u00e4rt hiermit ausdr\u00fccklich, dass zum Zeitpunkt der\nLinksetzung keine illegalen Inhalte auf den zu verlinkenden Seiten\nerkennbar waren. Auf die aktuelle und zuk\u00fcnftige Gestaltung, die Inhalte\noder die Urheberschaft der verlinkten\/verkn\u00fcpften Seiten hat der Autor\nkeinerlei Einfluss. Deshalb distanziert er sich hiermit ausdr\u00fccklich von\nallen Inhalten aller verlinkten \/verkn\u00fcpften Seiten, die nach der\nLinksetzung ver\u00e4ndert wurden. Diese Feststellung gilt f\u00fcr alle innerhalb\ndes eigenen Internetangebotes gesetzten Links und Verweise sowie f\u00fcr\nFremdeintr\u00e4ge in vom Autor eingerichteten G\u00e4steb\u00fcchern,\nDiskussionsforen, Linkverzeichnissen, Mailinglisten und in allen anderen\nFormen von Datenbanken, auf deren Inhalt externe Schreibzugriffe\nm\u00f6glich sind. F\u00fcr illegale, fehlerhafte oder unvollst\u00e4ndige Inhalte und\ninsbesondere f\u00fcr Sch\u00e4den, die aus der Nutzung oder Nichtnutzung\nsolcherart dargebotener Informationen entstehen, haftet allein der\nAnbieter der Seite, auf welche verwiesen wurde, nicht derjenige, der\n\u00fcber Links auf die jeweilige Ver\u00f6ffentlichung lediglich verweist.<\/p>\n\n\n\n<p>3. Urheber- und Kennzeichenrecht\nDer Autor ist bestrebt, in allen Publikationen die Urheberrechte der\nverwendeten Grafiken, Tondokumente, Videosequenzen und Texte zu\nbeachten, von ihm selbst erstellte Grafiken, Tondokumente,\nVideosequenzen und Texte zu nutzen oder auf lizenzfreie Grafiken,\nTondokumente, Videosequenzen und Texte zur\u00fcckzugreifen.\nAlle innerhalb des Internetangebotes genannten und ggf. durch Dritte\ngesch\u00fctzten Marken- und Warenzeichen unterliegen uneingeschr\u00e4nkt den\nBestimmungen des jeweils g\u00fcltigen Kennzeichenrechts und den\nBesitzrechten der jeweiligen eingetragenen Eigent\u00fcmer. Allein aufgrund\nder blo\u00dfen Nennung ist nicht der Schluss zu ziehen, dass Markenzeichen\nnicht durch Rechte Dritter gesch\u00fctzt sind!\nDas Copyright f\u00fcr ver\u00f6ffentlichte, vom Autor selbst erstellte Objekte\nbleibt allein beim Autor der Seiten. Eine Vervielf\u00e4ltigung oder\nVerwendung solcher Grafiken, Tondokumente, Videosequenzen und Texte in\nanderen elektronischen oder gedruckten Publikationen ist ohne\nausdr\u00fcckliche Zustimmung des Autors nicht gestattet.<\/p>\n\n\n\n<p>4. Datenschutz\nSofern innerhalb des Internetangebotes die M\u00f6glichkeit zur Eingabe\npers\u00f6nlicher oder gesch\u00e4ftlicher Daten (Emailadressen, Namen,\nAnschriften) besteht, so erfolgt die Preisgabe dieser Daten seitens des\nNutzers auf ausdr\u00fccklich freiwilliger Basis. Die Inanspruchnahme und\nBezahlung aller angebotenen Dienste ist &#8211; soweit technisch m\u00f6glich und\nzumutbar &#8211; auch ohne Angabe solcher Daten bzw. unter Angabe\nanonymisierter Daten oder eines Pseudonyms gestattet. Die Nutzung der im\nRahmen des Impressums oder vergleichbarer Angaben ver\u00f6ffentlichten\nKontaktdaten wie Postanschriften, Telefon- und Faxnummern sowie\nEmailadressen durch Dritte zur \u00dcbersendung von nicht ausdr\u00fccklich\nangeforderten Informationen ist nicht gestattet. Rechtliche Schritte\ngegen die Versender von sogenannten Spam-Mails bei Verst\u00f6ssen gegen\ndieses Verbot sind ausdr\u00fccklich vorbehalten.<\/p>\n\n\n\n<p>5. Rechtswirksamkeit dieses Haftungsausschlusses\nDieser Haftungsausschluss ist als Teil des Internetangebotes zu\nbetrachten, von dem aus auf diese Seite verwiesen wurde. Sofern Teile\noder einzelne Formulierungen dieses Textes der geltenden Rechtslage\nnicht, nicht mehr oder nicht vollst\u00e4ndig entsprechen sollten, bleiben\ndie \u00fcbrigen Teile des Dokumentes in ihrem Inhalt und ihrer G\u00fcltigkeit\ndavon unber\u00fchrt.<\/p>\n\n\n\n<p>Disclaimer<\/p>\n\n\n\n<p>1. Content\nThe author reserves the right not to be responsible for the topicality,\ncorrectness, completeness or quality of the information provided.\nLiability claims regarding damage caused by the use of any information\nprovided, including any kind of information which is incomplete or\nincorrect,will therefore be rejected.\nAll offers are not-binding and without obligation. Parts of the pages\nor the complete publication including all offers and information might\nbe extended, changed or partly or completely deleted by the author\nwithout separate announcement.<\/p>\n\n\n\n<p>2. Referrals and links\nThe author is not responsible for any contents linked or referred to\nfrom his pages &#8211; unless he has full knowledge of illegal contents and\nwould be able to prevent the visitors of his site fromviewing those\npages. If any damage occurs by the use of information presented there,\nonly the author of the respective pages might be liable, not the one who\nhas linked to these pages. Furthermore the author is not liable for any\npostings or messages published by users of discussion boards,\nguestbooks or mailinglists provided on his page.<\/p>\n\n\n\n<p>3. Copyright\nThe author intended not to use any copyrighted material for the\npublication or, if not possible, to indicatethe copyright of the\nrespective object.\nThe copyright for any material created by the author is reserved. Any\nduplication or use of objects such as diagrams, sounds or texts in other\nelectronic or printed publications is not permitted without the\nauthor&#8217;s agreement.<\/p>\n\n\n\n<p>4. Privacy policy\nIf the opportunity for the input of personal or business data (email\naddresses, name, addresses) is given, the input of these data takes\nplace voluntarily. The use and payment of all offered services are\npermitted &#8211; if and so far technically possible and reasonable &#8211; without\nspecification of any personal data or under specification of anonymized\ndata or an alias. The use of published postal addresses, telephone or\nfax numbers and email addresses for marketing purposes is prohibited,\noffenders sending unwanted spam messages will be punished.<\/p>\n\n\n\n<p>5. Legal validity of this disclaimer\nThis disclaimer is to be regarded as part of the internet publication\nwhich you were referred from. If sections or individual terms of this\nstatement are not legal or correct, the content or validity of the other\nparts remain uninfluenced by this fact.<\/p>\n","protected":false},"excerpt":{"rendered":"<p>Verantwortlich f\u00fcr den Inhalt dieser Webseite: Prof. Dr. J\u00fcrgen Nagel Hohe Linde 2 37075 G\u00f6ttingen Email: forst@hljn.uber.space Web: https:\/\/hljn.uber.space\/wordpress Haftungsausschlu\u00df 1. Inhalt des Onlineangebotes Der Autor \u00fcbernimmt keinerlei Gew\u00e4hr f\u00fcr die Aktualit\u00e4t, Korrektheit, Vollst\u00e4ndigkeit oder Qualit\u00e4t der bereitgestellten Informationen. Haftungsanspr\u00fcche gegen den Autor, welche sich auf Sch\u00e4den materieller oder ideeller Art beziehen, die durch die [&hellip;]<\/p>\n","protected":false},"author":1,"featured_media":0,"parent":3617,"menu_order":0,"comment_status":"closed","ping_status":"closed","template":"","meta":{"footnotes":""},"class_list":["post-3600","page","type-page","status-publish","hentry"],"_links":{"self":[{"href":"https:\/\/hljn.uber.space\/wordpress\/wp-json\/wp\/v2\/pages\/3600","targetHints":{"allow":["GET"]}}],"collection":[{"href":"https:\/\/hljn.uber.space\/wordpress\/wp-json\/wp\/v2\/pages"}],"about":[{"href":"https:\/\/hljn.uber.space\/wordpress\/wp-json\/wp\/v2\/types\/page"}],"author":[{"embeddable":true,"href":"https:\/\/hljn.uber.space\/wordpress\/wp-json\/wp\/v2\/users\/1"}],"replies":[{"embeddable":true,"href":"https:\/\/hljn.uber.space\/wordpress\/wp-json\/wp\/v2\/comments?post=3600"}],"version-history":[{"count":0,"href":"https:\/\/hljn.uber.space\/wordpress\/wp-json\/wp\/v2\/pages\/3600\/revisions"}],"up":[{"embeddable":true,"href":"https:\/\/hljn.uber.space\/wordpress\/wp-json\/wp\/v2\/pages\/3617"}],"wp:attachment":[{"href":"https:\/\/hljn.uber.space\/wordpress\/wp-json\/wp\/v2\/media?parent=3600"}],"curies":[{"name":"wp","href":"https:\/\/api.w.org\/{rel}","templated":true}]}}